{"id":3850,"date":"2021-06-01T10:53:43","date_gmt":"2021-06-01T08:53:43","guid":{"rendered":"http:\/\/www.albergolamacchia.com\/hotel\/"},"modified":"2022-09-20T10:50:29","modified_gmt":"2022-09-20T08:50:29","slug":"hotel","status":"publish","type":"page","link":"https:\/\/www.albergolamacchia.com\/de\/hotel\/","title":{"rendered":"Hotel"},"content":{"rendered":"\t\t<div data-elementor-type=\"wp-page\" data-elementor-id=\"3850\" class=\"elementor elementor-3850 elementor-3608\" data-elementor-settings=\"[]\">\n\t\t\t\t\t\t\t<div class=\"elementor-section-wrap\">\n\t\t\t\t\t\t\t<section class=\"elementor-section elementor-top-section elementor-element elementor-element-6aa5ebb5 elementor-section-stretched section bg-grey mt-0 elementor-section-boxed elementor-section-height-default elementor-section-height-default\" data-id=\"6aa5ebb5\" data-element_type=\"section\" data-settings=\"{&quot;stretch_section&quot;:&quot;section-stretched&quot;}\">\n\t\t\t\t\t\t<div class=\"elementor-container elementor-column-gap-no\">\n\t\t\t\t\t<div class=\"elementor-column elementor-col-100 elementor-top-column elementor-element elementor-element-20768924\" data-id=\"20768924\" data-element_type=\"column\">\n\t\t\t<div class=\"elementor-widget-wrap elementor-element-populated\">\n\t\t\t\t\t\t\t\t<section class=\"elementor-section elementor-inner-section elementor-element elementor-element-e752a14 elementor-section-boxed elementor-section-height-default elementor-section-height-default\" data-id=\"e752a14\" data-element_type=\"section\">\n\t\t\t\t\t\t<div class=\"elementor-container elementor-column-gap-default\">\n\t\t\t\t\t<div class=\"elementor-column elementor-col-50 elementor-inner-column elementor-element elementor-element-83da12a\" data-id=\"83da12a\" data-element_type=\"column\">\n\t\t\t<div class=\"elementor-widget-wrap elementor-element-populated\">\n\t\t\t\t\t\t\t\t<div class=\"elementor-element elementor-element-527f2417 mb-lg-0 elementor-widget elementor-widget-text-editor\" data-id=\"527f2417\" data-element_type=\"widget\" data-widget_type=\"text-editor.default\">\n\t\t\t\t<div class=\"elementor-widget-container\">\n\t\t\t\t\t\t\t\t<h2 class=\"mb-lg-0\">Albergo La Macchia<\/h2>\t\t\t\t\t\t<\/div>\n\t\t\t\t<\/div>\n\t\t\t\t<div class=\"elementor-element elementor-element-10676c4f mt-lg-3 elementor-widget elementor-widget-text-editor\" data-id=\"10676c4f\" data-element_type=\"widget\" data-widget_type=\"text-editor.default\">\n\t\t\t\t<div class=\"elementor-widget-container\">\n\t\t\t\t\t\t\t\tCharmantes Hotel in der umbrischen Landschaft in Spoleto\t\t\t\t\t\t<\/div>\n\t\t\t\t<\/div>\n\t\t\t\t<div class=\"elementor-element elementor-element-6e1ac5ca elementor-widget elementor-widget-text-editor\" data-id=\"6e1ac5ca\" data-element_type=\"widget\" data-widget_type=\"text-editor.default\">\n\t\t\t\t<div class=\"elementor-widget-container\">\n\t\t\t\t\t\t\t\tDas Hotel La Macchia befindet sich in der Localit\u00e0 Licina 11 in Spoleto in der Provinz Perugia und ist eine Oase der Ruhe und Gelassenheit f\u00fcr Naturliebhaber, die sich in einem anregenden, traditionsreichen Reiseziel entspannen m\u00f6chten.\n\nSpoleto ist mit seinen 38.000 Einwohnern eines der wichtigsten Kunst- und Kulturzentren Umbriens, und dank seiner glorreichen Vergangenheit, die pr\u00e4chtige Pal\u00e4ste, T\u00fcrme, Br\u00fccken, Kirchen und einzigartige Theater sowie zahlreiche Museen hinterlassen hat, reich an Geschichte.\n\nDas wundersch\u00f6ne Spoleto, Drehort der Fernsehserie Don Matteo, wartet auf Sie, um Ihnen ein einzigartiges Erlebnis und ein paar Blasen an den F\u00fc\u00dfen zu bereiten. Entdecken Sie das h\u00fcgelige Zentrum auf den H\u00e4ngen von Sant&#8217;Elia!\t\t\t\t\t\t<\/div>\n\t\t\t\t<\/div>\n\t\t\t\t\t<\/div>\n\t\t<\/div>\n\t\t\t\t<div class=\"elementor-column elementor-col-50 elementor-inner-column elementor-element elementor-element-553e766\" data-id=\"553e766\" data-element_type=\"column\">\n\t\t\t<div class=\"elementor-widget-wrap elementor-element-populated\">\n\t\t\t\t\t\t\t\t<div class=\"elementor-element elementor-element-581d0c91 elementor-widget elementor-widget-slick_single_slider\" data-id=\"581d0c91\" data-element_type=\"widget\" data-widget_type=\"slick_single_slider.default\">\n\t\t\t\t<div class=\"elementor-widget-container\">\n\t\t\t\t\t\t<ul class=\"slider-single list-unstyled js-slider-single\">\n\t\t\t\t\t\t<li><img decoding=\"async\" src=\"https:\/\/www.albergolamacchia.com\/wp-content\/uploads\/2018\/01\/IMG_0177.jpg\"><\/li>\n\t\t\t\t\t\t<li><img decoding=\"async\" src=\"https:\/\/www.albergolamacchia.com\/wp-content\/uploads\/2021\/05\/PIER4217.jpg\"><\/li>\n\t\t\t\t\t\t<li><img decoding=\"async\" src=\"https:\/\/www.albergolamacchia.com\/wp-content\/uploads\/2018\/03\/PIER4176.jpg\"><\/li>\n\t\t\t\t\t<\/ul>\n\t\t\n\t\t\n\t\t\t\t<\/div>\n\t\t\t\t<\/div>\n\t\t\t\t\t<\/div>\n\t\t<\/div>\n\t\t\t\t\t\t\t<\/div>\n\t\t<\/section>\n\t\t\t\t\t<\/div>\n\t\t<\/div>\n\t\t\t\t\t\t\t<\/div>\n\t\t<\/section>\n\t\t\t\t<section class=\"elementor-section elementor-top-section elementor-element elementor-element-57a20e50 elementor-section-stretched elementor-section-full_width elementor-section-height-default elementor-section-height-default\" data-id=\"57a20e50\" data-element_type=\"section\" data-settings=\"{&quot;stretch_section&quot;:&quot;section-stretched&quot;}\">\n\t\t\t\t\t\t<div class=\"elementor-container elementor-column-gap-no\">\n\t\t\t\t\t<div class=\"elementor-column elementor-col-100 elementor-top-column elementor-element elementor-element-6a89408c\" data-id=\"6a89408c\" data-element_type=\"column\">\n\t\t\t<div class=\"elementor-widget-wrap elementor-element-populated\">\n\t\t\t\t\t\t\t\t<div class=\"elementor-element elementor-element-19ebe8c6 elementor-widget elementor-widget-page_block\" data-id=\"19ebe8c6\" data-element_type=\"widget\" data-widget_type=\"page_block.default\">\n\t\t\t\t<div class=\"elementor-widget-container\">\n\t\t\t\t\t\n\t\t\t\t<div class=\"section \">\n\t\t\t<div class=\"container\">\n\t\t\t\t<div class=\"row\">\n\t\t\t\t\t<div class=\"col-md-4 mb-3 mb-lg-0\">\n\t\t\t\t\t\t<h2 class=\"mb-0\">Malerisches Hotel an einem Ort, der Symbol f\u00fcr Kultur und Tradition ist<\/h2>\n\t\t\t\t\t\t<h5><\/h5>\n\t\t\t\t\t\t<p class=\"mt-2 mt-lg-3\">Ein Urlaub in unserem Hotel in Spoleto in der Localit\u00e0 Licina 11 erm\u00f6glicht es unseren G\u00e4sten die kulturellen Sch\u00e4tze der Gegend zu erkunden.\nDer \u00e4lteste Teil dieses historischen Ortes wird durch das Rathaus aus dem Jahr 1200 versch\u00f6nert, das heute als st\u00e4dtische Gem\u00e4ldegalerie genutzt wird. \n<\/p>\n\t\t\t\t\t\t\t\t\t\t\t<\/div>\n\t\t\t\t\t<div class=\"col-md-4 mb-3 mb-lg-0\">\n\t\t\t\t\t\t<div class=\"row flex-column flex-sm-row flex-md-column\">\n\t\t\t\t\t\t\t<div class=\"col-12 col-sm col-md-auto\"><img decoding=\"async\" src=\"http:\/\/www.albergolamacchia.com\/wp-content\/uploads\/2021\/06\/ALBERGO-Ristoranti-Spoleto-003-1920w.jpeg\" alt=\"\" class=\"w-100\"><\/div>\n\t\t\t\t\t\t\t<div class=\"col-12 col-sm col-md-auto mt-2 mt-sm-0 mt-md-3 mt-lg-5\">\n\t\t\tIhr Weg ins Stadtinnere f\u00fchrt Sie an einer spektakul\u00e4ren Treppe vorbei, die direkt zur Piazza del Duomo und der angeschlossenen Kathedrale Santa Maria Assunta f\u00fchrt. Die Kathedrale von Spoleto, die 1067 auf den \u00dcberresten einer Ahnenfrage erbaut wurde, enth\u00e4lt einige der wertvollsten und eindrucksvollsten Fresken und Kunstwerke von Pinturicchio und Filippo Lippi.\t\t\t\t\t\t\t<\/div>\n\t\t\t\t\t\t<\/div>\n\t\t\t\t\t<\/div>\n\t\t\t\t\t<div class=\"col-md-4\">\n\t\t\t\t\t\t<div class=\"row flex-column flex-sm-row flex-md-column\">\n\t\t\t\t\t\t\t<div class=\"col-12 col-sm col-md-auto\"><img decoding=\"async\" src=\"http:\/\/www.albergolamacchia.com\/wp-content\/uploads\/2021\/06\/ALBERGO-Ristoranti-Spoleto-004-1920w.jpeg\" alt=\"\" class=\"w-100\"><\/div>\n\t\t\t\t\t\t\t<div class=\"col-12 col-sm col-md-auto mt-2 mt-sm-0 mt-md-3 mt-lg-5\">\n\t\t\tBei einem Spaziergang durch die Stra\u00dfen von Spoleto k\u00f6nnen Sie zahlreiche historische Geb\u00e4ude bestaunen: von der Basilika San Salvatore, die zum UNESCO-Weltkulturerbe z\u00e4hlt, \u00fcber die Kirche Sant'Ansano bis hin zur Cripta di Sant'Isacco San Domenico und San Ponziano in der Kirche San Pietro extra moenia, in der N\u00e4he des s\u00fcdlichen Tors von Spoleto.\t\t\t\t\t\t\t<\/div>\n\t\t\t\t\t\t<\/div>\n\t\t\t\t\t<\/div>\n\t\t\t\t<\/div>\n\t\t\t<\/div>\n\t\t<\/div>\n\n\t\t\n\t\t\n\t\t\t\t<\/div>\n\t\t\t\t<\/div>\n\t\t\t\t\t<\/div>\n\t\t<\/div>\n\t\t\t\t\t\t\t<\/div>\n\t\t<\/section>\n\t\t\t\t<section class=\"elementor-section elementor-top-section elementor-element elementor-element-5e9e7048 elementor-section-stretched elementor-hidden-desktop elementor-hidden-tablet elementor-hidden-phone elementor-section-boxed elementor-section-height-default elementor-section-height-default\" data-id=\"5e9e7048\" data-element_type=\"section\" data-settings=\"{&quot;stretch_section&quot;:&quot;section-stretched&quot;,&quot;background_background&quot;:&quot;classic&quot;}\">\n\t\t\t\t\t\t<div class=\"elementor-container elementor-column-gap-no\">\n\t\t\t\t\t<div class=\"elementor-column elementor-col-100 elementor-top-column elementor-element elementor-element-324413db\" data-id=\"324413db\" data-element_type=\"column\">\n\t\t\t<div class=\"elementor-widget-wrap elementor-element-populated\">\n\t\t\t\t\t\t\t\t<section class=\"elementor-section elementor-inner-section elementor-element elementor-element-5957250d elementor-section-full_width elementor-reverse-mobile elementor-section-height-default elementor-section-height-default\" data-id=\"5957250d\" data-element_type=\"section\">\n\t\t\t\t\t\t<div class=\"elementor-container elementor-column-gap-extended\">\n\t\t\t\t\t<div class=\"elementor-column elementor-col-33 elementor-inner-column elementor-element elementor-element-540005f5\" data-id=\"540005f5\" data-element_type=\"column\">\n\t\t\t<div class=\"elementor-widget-wrap elementor-element-populated\">\n\t\t\t\t\t\t\t\t<div class=\"elementor-element elementor-element-5281df5 elementor-widget elementor-widget-text-editor\" data-id=\"5281df5\" data-element_type=\"widget\" data-widget_type=\"text-editor.default\">\n\t\t\t\t<div class=\"elementor-widget-container\">\n\t\t\t\t\t\t\t\t<h2 class=\"mb-lg-0\">Unvergessliche Aufenthalte in der Stadt der Rocca Albornoziana<\/h2>\t\t\t\t\t\t<\/div>\n\t\t\t\t<\/div>\n\t\t\t\t<div class=\"elementor-element elementor-element-d4fb154 elementor-widget elementor-widget-text-editor\" data-id=\"d4fb154\" data-element_type=\"widget\" data-widget_type=\"text-editor.default\">\n\t\t\t\t<div class=\"elementor-widget-container\">\n\t\t\t\t\t\t\t\tDas Hotel in der Localit\u00e0 Licina 11 in Spoleto ist der ideale Ort f\u00fcr alle Reisenden mit einem Interesse f\u00fcr Geschichte und Tradition. Entspannen Sie sich in unserer Pension, bevor Sie Spoleto erkunden, ein Symbol der Kultur Umbriens und Italiens.\nEine der ber\u00fchmtesten Attraktionen des Ortes ist zweifellos die Rocca Albornoziana auf dem Sant&#8217;Elia-H\u00fcgel, die den Besuchern einen atemberaubenden Panoramablick auf ganz Spoleto bietet.\t\t\t\t\t\t<\/div>\n\t\t\t\t<\/div>\n\t\t\t\t<div class=\"elementor-element elementor-element-52348a1a elementor-widget elementor-widget-action_button\" data-id=\"52348a1a\" data-element_type=\"widget\" data-widget_type=\"action_button.default\">\n\t\t\t\t<div class=\"elementor-widget-container\">\n\t\t\t\t\t<div class=\" mt-3\">\n\t\t\t<!-- Link Start-->\n\t<a href=\"\/de\/kontakt\" class=\"btn btn-primary \"\n\t\t\t >KONTAKT<\/a>\n\t<!-- Link end -->\n\t\t\t\t\t\t\n<\/div>\n\t\t\t\t<\/div>\n\t\t\t\t<\/div>\n\t\t\t\t\t<\/div>\n\t\t<\/div>\n\t\t\t\t<div class=\"elementor-column elementor-col-66 elementor-inner-column elementor-element elementor-element-7d3bfd0f\" data-id=\"7d3bfd0f\" data-element_type=\"column\">\n\t\t\t<div class=\"elementor-widget-wrap elementor-element-populated\">\n\t\t\t\t\t\t\t\t<div class=\"elementor-element elementor-element-4362d6b elementor-widget elementor-widget-slick_single_slider\" data-id=\"4362d6b\" data-element_type=\"widget\" data-widget_type=\"slick_single_slider.default\">\n\t\t\t\t<div class=\"elementor-widget-container\">\n\t\t\t\t\t\t<ul class=\"slider-single list-unstyled js-slider-single\">\n\t\t\t\t\t\t<li><img decoding=\"async\" src=\"https:\/\/www.albergolamacchia.com\/wp-content\/uploads\/2021\/05\/IMG_0231.jpg\"><\/li>\n\t\t\t\t\t\t<li><img decoding=\"async\" src=\"https:\/\/www.albergolamacchia.com\/wp-content\/uploads\/2018\/01\/IMG_0771.jpg\"><\/li>\n\t\t\t\t\t\t<li><img decoding=\"async\" src=\"https:\/\/www.albergolamacchia.com\/wp-content\/uploads\/2021\/06\/IMG_0341-1.jpg\"><\/li>\n\t\t\t\t\t<\/ul>\n\t\t\n\t\t\n\t\t\t\t<\/div>\n\t\t\t\t<\/div>\n\t\t\t\t\t<\/div>\n\t\t<\/div>\n\t\t\t\t\t\t\t<\/div>\n\t\t<\/section>\n\t\t\t\t\t<\/div>\n\t\t<\/div>\n\t\t\t\t\t\t\t<\/div>\n\t\t<\/section>\n\t\t\t\t\t\t<\/div>\n\t\t\t\t\t<\/div>\n\t\t","protected":false},"excerpt":{"rendered":"<p>Albergo La Macchia Charmantes Hotel in der umbrischen Landschaft in SpoletoDas Hotel La Macchia befindet sich in der Localit\u00e0 Licina 11 in Spoleto in der Provinz Perugia und ist eine Oase der Ruhe und Gelassenheit f\u00fcr Naturliebhaber, die sich in einem anregenden, traditionsreichen Reiseziel entspannen m\u00f6chten. Spoleto ist mit seinen 38.000 Einwohnern eines der wichtigsten<\/p>\n","protected":false},"author":1,"featured_media":0,"parent":0,"menu_order":0,"comment_status":"closed","ping_status":"closed","template":"","meta":{"footnotes":""},"class_list":["post-3850","page","type-page","status-publish","hentry"],"yoast_head":"<!-- This site is optimized with the Yoast SEO plugin v16.7 - https:\/\/yoast.com\/wordpress\/plugins\/seo\/ -->\n<title>Hotel - Albergo La Macchia<\/title>\n<meta name=\"description\" content=\"Das Hotel Albergo La Macchia ist ein charmantes 3-Sterne-Hotel in der umbrischen Landschaft in Spoleto\" \/>\n<meta name=\"robots\" content=\"index, follow, max-snippet:-1, max-image-preview:large, max-video-preview:-1\" \/>\n<link rel=\"canonical\" href=\"https:\/\/www.albergolamacchia.com\/hotel\/\" \/>\n<meta property=\"og:locale\" content=\"de_DE\" \/>\n<meta property=\"og:type\" content=\"article\" \/>\n<meta property=\"og:title\" content=\"Hotel - Albergo La Macchia\" \/>\n<meta property=\"og:description\" content=\"Das Hotel Albergo La Macchia ist ein charmantes 3-Sterne-Hotel in der umbrischen Landschaft in Spoleto\" \/>\n<meta property=\"og:url\" content=\"https:\/\/www.albergolamacchia.com\/hotel\/\" \/>\n<meta property=\"og:site_name\" content=\"Albergo La Macchia\" \/>\n<meta property=\"article:modified_time\" content=\"2022-09-20T08:50:29+00:00\" \/>\n<meta property=\"og:image\" content=\"https:\/\/www.albergolamacchia.com\/wp-content\/uploads\/2018\/01\/IMG_0177.jpg\" \/>\n<meta name=\"twitter:card\" content=\"summary_large_image\" \/>\n<meta name=\"twitter:label1\" content=\"Gesch\u00e4tzte Lesezeit\" \/>\n\t<meta name=\"twitter:data1\" content=\"4\u00a0Minuten\" \/>\n<script type=\"application\/ld+json\" class=\"yoast-schema-graph\">{\"@context\":\"https:\/\/schema.org\",\"@graph\":[{\"@type\":\"WebSite\",\"@id\":\"http:\/\/www.albergolamacchia.com\/#website\",\"url\":\"http:\/\/www.albergolamacchia.com\/\",\"name\":\"Albergo La Macchia\",\"description\":\"\",\"potentialAction\":[{\"@type\":\"SearchAction\",\"target\":{\"@type\":\"EntryPoint\",\"urlTemplate\":\"http:\/\/www.albergolamacchia.com\/?s={search_term_string}\"},\"query-input\":\"required name=search_term_string\"}],\"inLanguage\":\"de\"},{\"@type\":\"ImageObject\",\"@id\":\"https:\/\/www.albergolamacchia.com\/hotel\/#primaryimage\",\"inLanguage\":\"de\",\"url\":\"https:\/\/www.albergolamacchia.com\/wp-content\/uploads\/2018\/01\/IMG_0177.jpg\",\"contentUrl\":\"https:\/\/www.albergolamacchia.com\/wp-content\/uploads\/2018\/01\/IMG_0177.jpg\",\"width\":1000,\"height\":666},{\"@type\":\"WebPage\",\"@id\":\"https:\/\/www.albergolamacchia.com\/hotel\/#webpage\",\"url\":\"https:\/\/www.albergolamacchia.com\/hotel\/\",\"name\":\"Hotel - Albergo La Macchia\",\"isPartOf\":{\"@id\":\"http:\/\/www.albergolamacchia.com\/#website\"},\"primaryImageOfPage\":{\"@id\":\"https:\/\/www.albergolamacchia.com\/hotel\/#primaryimage\"},\"datePublished\":\"2021-06-01T08:53:43+00:00\",\"dateModified\":\"2022-09-20T08:50:29+00:00\",\"description\":\"Das Hotel Albergo La Macchia ist ein charmantes 3-Sterne-Hotel in der umbrischen Landschaft in Spoleto\",\"breadcrumb\":{\"@id\":\"https:\/\/www.albergolamacchia.com\/hotel\/#breadcrumb\"},\"inLanguage\":\"de\",\"potentialAction\":[{\"@type\":\"ReadAction\",\"target\":[\"https:\/\/www.albergolamacchia.com\/hotel\/\"]}]},{\"@type\":\"BreadcrumbList\",\"@id\":\"https:\/\/www.albergolamacchia.com\/hotel\/#breadcrumb\",\"itemListElement\":[{\"@type\":\"ListItem\",\"position\":1,\"name\":\"Home\",\"item\":\"https:\/\/www.albergolamacchia.com\/\"},{\"@type\":\"ListItem\",\"position\":2,\"name\":\"Hotel\"}]}]}<\/script>\n<!-- \/ Yoast SEO plugin. -->","yoast_head_json":{"title":"Hotel - Albergo La Macchia","description":"Das Hotel Albergo La Macchia ist ein charmantes 3-Sterne-Hotel in der umbrischen Landschaft in Spoleto","robots":{"index":"index","follow":"follow","max-snippet":"max-snippet:-1","max-image-preview":"max-image-preview:large","max-video-preview":"max-video-preview:-1"},"canonical":"https:\/\/www.albergolamacchia.com\/hotel\/","og_locale":"de_DE","og_type":"article","og_title":"Hotel - Albergo La Macchia","og_description":"Das Hotel Albergo La Macchia ist ein charmantes 3-Sterne-Hotel in der umbrischen Landschaft in Spoleto","og_url":"https:\/\/www.albergolamacchia.com\/hotel\/","og_site_name":"Albergo La Macchia","article_modified_time":"2022-09-20T08:50:29+00:00","og_image":[{"url":"https:\/\/www.albergolamacchia.com\/wp-content\/uploads\/2018\/01\/IMG_0177.jpg"}],"twitter_card":"summary_large_image","twitter_misc":{"Gesch\u00e4tzte Lesezeit":"4\u00a0Minuten"},"schema":{"@context":"https:\/\/schema.org","@graph":[{"@type":"WebSite","@id":"http:\/\/www.albergolamacchia.com\/#website","url":"http:\/\/www.albergolamacchia.com\/","name":"Albergo La Macchia","description":"","potentialAction":[{"@type":"SearchAction","target":{"@type":"EntryPoint","urlTemplate":"http:\/\/www.albergolamacchia.com\/?s={search_term_string}"},"query-input":"required name=search_term_string"}],"inLanguage":"de"},{"@type":"ImageObject","@id":"https:\/\/www.albergolamacchia.com\/hotel\/#primaryimage","inLanguage":"de","url":"https:\/\/www.albergolamacchia.com\/wp-content\/uploads\/2018\/01\/IMG_0177.jpg","contentUrl":"https:\/\/www.albergolamacchia.com\/wp-content\/uploads\/2018\/01\/IMG_0177.jpg","width":1000,"height":666},{"@type":"WebPage","@id":"https:\/\/www.albergolamacchia.com\/hotel\/#webpage","url":"https:\/\/www.albergolamacchia.com\/hotel\/","name":"Hotel - Albergo La Macchia","isPartOf":{"@id":"http:\/\/www.albergolamacchia.com\/#website"},"primaryImageOfPage":{"@id":"https:\/\/www.albergolamacchia.com\/hotel\/#primaryimage"},"datePublished":"2021-06-01T08:53:43+00:00","dateModified":"2022-09-20T08:50:29+00:00","description":"Das Hotel Albergo La Macchia ist ein charmantes 3-Sterne-Hotel in der umbrischen Landschaft in Spoleto","breadcrumb":{"@id":"https:\/\/www.albergolamacchia.com\/hotel\/#breadcrumb"},"inLanguage":"de","potentialAction":[{"@type":"ReadAction","target":["https:\/\/www.albergolamacchia.com\/hotel\/"]}]},{"@type":"BreadcrumbList","@id":"https:\/\/www.albergolamacchia.com\/hotel\/#breadcrumb","itemListElement":[{"@type":"ListItem","position":1,"name":"Home","item":"https:\/\/www.albergolamacchia.com\/"},{"@type":"ListItem","position":2,"name":"Hotel"}]}]}},"_links":{"self":[{"href":"https:\/\/www.albergolamacchia.com\/de\/wp-json\/wp\/v2\/pages\/3850","targetHints":{"allow":["GET"]}}],"collection":[{"href":"https:\/\/www.albergolamacchia.com\/de\/wp-json\/wp\/v2\/pages"}],"about":[{"href":"https:\/\/www.albergolamacchia.com\/de\/wp-json\/wp\/v2\/types\/page"}],"author":[{"embeddable":true,"href":"https:\/\/www.albergolamacchia.com\/de\/wp-json\/wp\/v2\/users\/1"}],"replies":[{"embeddable":true,"href":"https:\/\/www.albergolamacchia.com\/de\/wp-json\/wp\/v2\/comments?post=3850"}],"version-history":[{"count":16,"href":"https:\/\/www.albergolamacchia.com\/de\/wp-json\/wp\/v2\/pages\/3850\/revisions"}],"predecessor-version":[{"id":4566,"href":"https:\/\/www.albergolamacchia.com\/de\/wp-json\/wp\/v2\/pages\/3850\/revisions\/4566"}],"wp:attachment":[{"href":"https:\/\/www.albergolamacchia.com\/de\/wp-json\/wp\/v2\/media?parent=3850"}],"curies":[{"name":"wp","href":"https:\/\/api.w.org\/{rel}","templated":true}]}}